{"id":1503,"date":"2019-10-02T10:03:55","date_gmt":"2019-10-02T14:03:55","guid":{"rendered":"http:\/\/spqrblues.com\/V\/?page_id=1503"},"modified":"2019-10-12T10:12:15","modified_gmt":"2019-10-12T14:12:15","slug":"fibda","status":"publish","type":"page","link":"http:\/\/spqrblues.com\/V\/fibda\/","title":{"rendered":"FIBDA"},"content":{"rendered":"<p><img loading=\"lazy\" src=\"http:\/\/spqrblues.com\/V\/wp-content\/uploads\/2019\/10\/B603AA5D-1BD9-46C8-9C90-AF75150CF63F-150x150.png\" alt=\"\" width=\"150\" height=\"150\" class=\"alignleft size-thumbnail wp-image-1521\" \/><br \/>\nUn soap-opera en version peplum, par Klio. (traduction : Wood)<\/p>\n<p><a href=\"http:\/\/spqrblues-fr.blogspot.com\/2008\/09\/chapitre-1-des-objets-de-valeur.html?m=1\">Cliquez i\u00e7i pour: SPQR BLUES &#8211; version fran\u00e7aise<\/a><\/p>\n<p>T\u00e9l\u00e9chargez\/Download:<br \/>\n\u00c9dition gratuite PDF\u2014l\u2019offre expire le 11 octobre \ud83d\ude42<br \/>\n(compl\u00e8te, anglais \/ complete, English)<\/p>\n","protected":false},"excerpt":{"rendered":"<p>Un soap-opera en version peplum, par Klio. (traduction : Wood) Cliquez i\u00e7i pour: SPQR BLUES &#8211; version fran\u00e7aise T\u00e9l\u00e9chargez\/Download: \u00c9dition gratuite PDF\u2014l\u2019offre expire le 11 octobre \ud83d\ude42 (compl\u00e8te, anglais \/ complete, English)<\/p>\n","protected":false},"author":1,"featured_media":0,"parent":0,"menu_order":0,"comment_status":"closed","ping_status":"closed","template":"","meta":[],"_links":{"self":[{"href":"http:\/\/spqrblues.com\/V\/wp-json\/wp\/v2\/pages\/1503"}],"collection":[{"href":"http:\/\/spqrblues.com\/V\/wp-json\/wp\/v2\/pages"}],"about":[{"href":"http:\/\/spqrblues.com\/V\/wp-json\/wp\/v2\/types\/page"}],"author":[{"embeddable":true,"href":"http:\/\/spqrblues.com\/V\/wp-json\/wp\/v2\/users\/1"}],"replies":[{"embeddable":true,"href":"http:\/\/spqrblues.com\/V\/wp-json\/wp\/v2\/comments?post=1503"}],"version-history":[{"count":15,"href":"http:\/\/spqrblues.com\/V\/wp-json\/wp\/v2\/pages\/1503\/revisions"}],"predecessor-version":[{"id":1529,"href":"http:\/\/spqrblues.com\/V\/wp-json\/wp\/v2\/pages\/1503\/revisions\/1529"}],"wp:attachment":[{"href":"http:\/\/spqrblues.com\/V\/wp-json\/wp\/v2\/media?parent=1503"}],"curies":[{"name":"wp","href":"https:\/\/api.w.org\/{rel}","templated":true}]}}